{"id":160,"date":"2021-11-05T15:48:05","date_gmt":"2021-11-05T14:48:05","guid":{"rendered":"https:\/\/hotelbellagio.ms.decms.eu\/?page_id=160"},"modified":"2025-02-03T12:17:41","modified_gmt":"2025-02-03T11:17:41","slug":"restaurant-et-bar-bellagio","status":"publish","type":"page","link":"https:\/\/www.hotelbellagio.it\/fr\/restaurant-et-bar-bellagio\/","title":{"rendered":"Restaurant et bar Bellagio"},"content":{"rendered":"<p>La famille Leoni est heureuse de vous informer que l\u2019ann\u00e9e 2025 commencera par une belle nouveaut\u00e9 !<\/p>\n<p>Nos restaurants \u201cBistr\u00f2 Arturo\u201d et \u201cRistorante Gioya\u201d seront \u00e0 nouveau g\u00e9r\u00e9s directement par nous.<\/p>\n<p>Pour vous accueillir et satisfaire vos demandes, les trois fr\u00e8res seront \u00e0 votre service :<\/p>\n<p>Daniele, pr\u00eat et bien pr\u00e9par\u00e9 gr\u00e2ce \u00e0 son exp\u00e9rience en tant que barman sur le rooftop Terrazza Leoni,<br \/>\nFrancesco, d\u00e9sormais chef reconnu du tr\u00e8s recherch\u00e9 Dispensa63,<br \/>\net Federico, fort de son exp\u00e9rience dans la restauration italienne et internationale.<\/p>\n<p>Ne manquez pas l&rsquo;occasion de d\u00e9guster un bon d\u00eener sur la terrasse avec vue sur le lac, au premier \u00e9tage de notre cher Hotel Du Lac.<\/p>\n<p>Nous vous attendons !!!<\/p>\n","protected":false},"excerpt":{"rendered":"<p>La famille Leoni est heureuse de vous informer que l\u2019ann\u00e9e 2025 commencera par une belle nouveaut\u00e9 ! Nos restaurants \u201cBistr\u00f2 Arturo\u201d et \u201cRistorante Gioya\u201d seront \u00e0 nouveau g\u00e9r\u00e9s directement par nous. Pour vous accueillir et satisfaire vos demandes, les trois fr\u00e8res seront \u00e0 votre service : Daniele, pr\u00eat et bien pr\u00e9par\u00e9 gr\u00e2ce \u00e0 son exp\u00e9rience [&hellip;]<\/p>\n","protected":false},"author":13,"featured_media":0,"parent":0,"menu_order":30,"comment_status":"closed","ping_status":"closed","template":"template-single-restaurant.php","meta":{"footnotes":""},"class_list":["post-160","page","type-page","status-publish","hentry"],"yoast_head":"<!-- This site is optimized with the Yoast SEO plugin v26.9 - https:\/\/yoast.com\/product\/yoast-seo-wordpress\/ -->\n<title>Restaurant et bar Bellagio &#8226; Hotel Bellagio &#8226;<\/title>\n<meta name=\"description\" content=\"La famille Leoni est heureuse de vous informer que l\u2019ann\u00e9e 2025 commencera par une belle nouveaut\u00e9 !  Nos restaurants \u201cBistr\u00f2 Arturo\u201d et \u201cRistorante Gioya\u201d seront \u00e0 nouveau g\u00e9r\u00e9s directement par nous.  Pour vous accueillir et satisfaire vos demandes, les trois fr\u00e8res seront \u00e0 votre service :  Daniele, pr\u00eat et bien pr\u00e9par\u00e9 gr\u00e2ce \u00e0 son exp\u00e9rience en tant que barman sur le rooftop Terrazza Leoni, Francesco, d\u00e9sormais chef reconnu du tr\u00e8s recherch\u00e9 Dispensa63, et Federico, fort de son exp\u00e9rience dans la restauration italienne et internationale.  Ne manquez pas l&#039;occasion de d\u00e9guster un bon d\u00eener sur la terrasse avec vue sur le lac, au premier \u00e9tage de notre cher Hotel Du Lac.  Nous vous attendons !!!.\" \/>\n<meta name=\"robots\" content=\"index, follow, max-snippet:-1, max-image-preview:large, max-video-preview:-1\" \/>\n<link rel=\"canonical\" href=\"https:\/\/www.hotelbellagio.it\/fr\/restaurant-et-bar-bellagio\/\" \/>\n<meta property=\"og:locale\" content=\"fr_FR\" \/>\n<meta property=\"og:type\" content=\"article\" \/>\n<meta property=\"og:title\" content=\"Restaurant et bar Bellagio &#8226; Hotel Bellagio &#8226;\" \/>\n<meta property=\"og:description\" content=\"La famille Leoni est heureuse de vous informer que l\u2019ann\u00e9e 2025 commencera par une belle nouveaut\u00e9 !  Nos restaurants \u201cBistr\u00f2 Arturo\u201d et \u201cRistorante Gioya\u201d seront \u00e0 nouveau g\u00e9r\u00e9s directement par nous.  Pour vous accueillir et satisfaire vos demandes, les trois fr\u00e8res seront \u00e0 votre service :  Daniele, pr\u00eat et bien pr\u00e9par\u00e9 gr\u00e2ce \u00e0 son exp\u00e9rience en tant que barman sur le rooftop Terrazza Leoni, Francesco, d\u00e9sormais chef reconnu du tr\u00e8s recherch\u00e9 Dispensa63, et Federico, fort de son exp\u00e9rience dans la restauration italienne et internationale.  Ne manquez pas l&#039;occasion de d\u00e9guster un bon d\u00eener sur la terrasse avec vue sur le lac, au premier \u00e9tage de notre cher Hotel Du Lac.  Nous vous attendons !!!.\" \/>\n<meta property=\"og:url\" content=\"https:\/\/www.hotelbellagio.it\/fr\/restaurant-et-bar-bellagio\/\" \/>\n<meta property=\"og:site_name\" content=\"Hotel Bellagio\" \/>\n<meta property=\"article:modified_time\" content=\"2025-02-03T11:17:41+00:00\" \/>\n<meta name=\"twitter:card\" content=\"summary_large_image\" \/>\n<meta name=\"twitter:label1\" content=\"Dur\u00e9e de lecture estim\u00e9e\" \/>\n\t<meta name=\"twitter:data1\" content=\"1 minute\" \/>\n<script type=\"application\/ld+json\" class=\"yoast-schema-graph\">{\"@context\":\"https:\/\/schema.org\",\"@graph\":[{\"@type\":\"WebPage\",\"@id\":\"https:\/\/www.hotelbellagio.it\/fr\/restaurant-et-bar-bellagio\/\",\"url\":\"https:\/\/www.hotelbellagio.it\/fr\/restaurant-et-bar-bellagio\/\",\"name\":\"Restaurant et bar Bellagio &#8226; Hotel Bellagio &#8226;\",\"isPartOf\":{\"@id\":\"https:\/\/www.hotelbellagio.it\/fr\/#website\"},\"datePublished\":\"2021-11-05T14:48:05+00:00\",\"dateModified\":\"2025-02-03T11:17:41+00:00\",\"description\":\"La famille Leoni est heureuse de vous informer que l\u2019ann\u00e9e 2025 commencera par une belle nouveaut\u00e9 ! Nos restaurants \u201cBistr\u00f2 Arturo\u201d et \u201cRistorante Gioya\u201d seront \u00e0 nouveau g\u00e9r\u00e9s directement par nous. Pour vous accueillir et satisfaire vos demandes, les trois fr\u00e8res seront \u00e0 votre service : Daniele, pr\u00eat et bien pr\u00e9par\u00e9 gr\u00e2ce \u00e0 son exp\u00e9rience en tant que barman sur le rooftop Terrazza Leoni, Francesco, d\u00e9sormais chef reconnu du tr\u00e8s recherch\u00e9 Dispensa63, et Federico, fort de son exp\u00e9rience dans la restauration italienne et internationale. Ne manquez pas l'occasion de d\u00e9guster un bon d\u00eener sur la terrasse avec vue sur le lac, au premier \u00e9tage de notre cher Hotel Du Lac. Nous vous attendons !!!.\",\"breadcrumb\":{\"@id\":\"https:\/\/www.hotelbellagio.it\/fr\/restaurant-et-bar-bellagio\/#breadcrumb\"},\"inLanguage\":\"fr-FR\",\"potentialAction\":[{\"@type\":\"ReadAction\",\"target\":[\"https:\/\/www.hotelbellagio.it\/fr\/restaurant-et-bar-bellagio\/\"]}]},{\"@type\":\"BreadcrumbList\",\"@id\":\"https:\/\/www.hotelbellagio.it\/fr\/restaurant-et-bar-bellagio\/#breadcrumb\",\"itemListElement\":[{\"@type\":\"ListItem\",\"position\":1,\"name\":\"Home\",\"item\":\"https:\/\/www.hotelbellagio.it\/fr\/\"},{\"@type\":\"ListItem\",\"position\":2,\"name\":\"Restaurant et bar Bellagio\"}]},{\"@type\":\"WebSite\",\"@id\":\"https:\/\/www.hotelbellagio.it\/fr\/#website\",\"url\":\"https:\/\/www.hotelbellagio.it\/fr\/\",\"name\":\"Hotel Bellagio\",\"description\":\"Ecco un altro sito ms.decms.eu\",\"potentialAction\":[{\"@type\":\"SearchAction\",\"target\":{\"@type\":\"EntryPoint\",\"urlTemplate\":\"https:\/\/www.hotelbellagio.it\/fr\/?s={search_term_string}\"},\"query-input\":{\"@type\":\"PropertyValueSpecification\",\"valueRequired\":true,\"valueName\":\"search_term_string\"}}],\"inLanguage\":\"fr-FR\"}]}<\/script>\n<!-- \/ Yoast SEO plugin. -->","yoast_head_json":{"title":"Restaurant et bar Bellagio &#8226; Hotel Bellagio &#8226;","description":"La famille Leoni est heureuse de vous informer que l\u2019ann\u00e9e 2025 commencera par une belle nouveaut\u00e9 !  Nos restaurants \u201cBistr\u00f2 Arturo\u201d et \u201cRistorante Gioya\u201d seront \u00e0 nouveau g\u00e9r\u00e9s directement par nous.  Pour vous accueillir et satisfaire vos demandes, les trois fr\u00e8res seront \u00e0 votre service :  Daniele, pr\u00eat et bien pr\u00e9par\u00e9 gr\u00e2ce \u00e0 son exp\u00e9rience en tant que barman sur le rooftop Terrazza Leoni, Francesco, d\u00e9sormais chef reconnu du tr\u00e8s recherch\u00e9 Dispensa63, et Federico, fort de son exp\u00e9rience dans la restauration italienne et internationale.  Ne manquez pas l'occasion de d\u00e9guster un bon d\u00eener sur la terrasse avec vue sur le lac, au premier \u00e9tage de notre cher Hotel Du Lac.  Nous vous attendons !!!.","robots":{"index":"index","follow":"follow","max-snippet":"max-snippet:-1","max-image-preview":"max-image-preview:large","max-video-preview":"max-video-preview:-1"},"canonical":"https:\/\/www.hotelbellagio.it\/fr\/restaurant-et-bar-bellagio\/","og_locale":"fr_FR","og_type":"article","og_title":"Restaurant et bar Bellagio &#8226; Hotel Bellagio &#8226;","og_description":"La famille Leoni est heureuse de vous informer que l\u2019ann\u00e9e 2025 commencera par une belle nouveaut\u00e9 !  Nos restaurants \u201cBistr\u00f2 Arturo\u201d et \u201cRistorante Gioya\u201d seront \u00e0 nouveau g\u00e9r\u00e9s directement par nous.  Pour vous accueillir et satisfaire vos demandes, les trois fr\u00e8res seront \u00e0 votre service :  Daniele, pr\u00eat et bien pr\u00e9par\u00e9 gr\u00e2ce \u00e0 son exp\u00e9rience en tant que barman sur le rooftop Terrazza Leoni, Francesco, d\u00e9sormais chef reconnu du tr\u00e8s recherch\u00e9 Dispensa63, et Federico, fort de son exp\u00e9rience dans la restauration italienne et internationale.  Ne manquez pas l'occasion de d\u00e9guster un bon d\u00eener sur la terrasse avec vue sur le lac, au premier \u00e9tage de notre cher Hotel Du Lac.  Nous vous attendons !!!.","og_url":"https:\/\/www.hotelbellagio.it\/fr\/restaurant-et-bar-bellagio\/","og_site_name":"Hotel Bellagio","article_modified_time":"2025-02-03T11:17:41+00:00","twitter_card":"summary_large_image","twitter_misc":{"Dur\u00e9e de lecture estim\u00e9e":"1 minute"},"schema":{"@context":"https:\/\/schema.org","@graph":[{"@type":"WebPage","@id":"https:\/\/www.hotelbellagio.it\/fr\/restaurant-et-bar-bellagio\/","url":"https:\/\/www.hotelbellagio.it\/fr\/restaurant-et-bar-bellagio\/","name":"Restaurant et bar Bellagio &#8226; Hotel Bellagio &#8226;","isPartOf":{"@id":"https:\/\/www.hotelbellagio.it\/fr\/#website"},"datePublished":"2021-11-05T14:48:05+00:00","dateModified":"2025-02-03T11:17:41+00:00","description":"La famille Leoni est heureuse de vous informer que l\u2019ann\u00e9e 2025 commencera par une belle nouveaut\u00e9 ! Nos restaurants \u201cBistr\u00f2 Arturo\u201d et \u201cRistorante Gioya\u201d seront \u00e0 nouveau g\u00e9r\u00e9s directement par nous. Pour vous accueillir et satisfaire vos demandes, les trois fr\u00e8res seront \u00e0 votre service : Daniele, pr\u00eat et bien pr\u00e9par\u00e9 gr\u00e2ce \u00e0 son exp\u00e9rience en tant que barman sur le rooftop Terrazza Leoni, Francesco, d\u00e9sormais chef reconnu du tr\u00e8s recherch\u00e9 Dispensa63, et Federico, fort de son exp\u00e9rience dans la restauration italienne et internationale. Ne manquez pas l'occasion de d\u00e9guster un bon d\u00eener sur la terrasse avec vue sur le lac, au premier \u00e9tage de notre cher Hotel Du Lac. Nous vous attendons !!!.","breadcrumb":{"@id":"https:\/\/www.hotelbellagio.it\/fr\/restaurant-et-bar-bellagio\/#breadcrumb"},"inLanguage":"fr-FR","potentialAction":[{"@type":"ReadAction","target":["https:\/\/www.hotelbellagio.it\/fr\/restaurant-et-bar-bellagio\/"]}]},{"@type":"BreadcrumbList","@id":"https:\/\/www.hotelbellagio.it\/fr\/restaurant-et-bar-bellagio\/#breadcrumb","itemListElement":[{"@type":"ListItem","position":1,"name":"Home","item":"https:\/\/www.hotelbellagio.it\/fr\/"},{"@type":"ListItem","position":2,"name":"Restaurant et bar Bellagio"}]},{"@type":"WebSite","@id":"https:\/\/www.hotelbellagio.it\/fr\/#website","url":"https:\/\/www.hotelbellagio.it\/fr\/","name":"Hotel Bellagio","description":"Ecco un altro sito ms.decms.eu","potentialAction":[{"@type":"SearchAction","target":{"@type":"EntryPoint","urlTemplate":"https:\/\/www.hotelbellagio.it\/fr\/?s={search_term_string}"},"query-input":{"@type":"PropertyValueSpecification","valueRequired":true,"valueName":"search_term_string"}}],"inLanguage":"fr-FR"}]}},"acf":[],"_links":{"self":[{"href":"https:\/\/www.hotelbellagio.it\/fr\/wp-json\/wp\/v2\/pages\/160","targetHints":{"allow":["GET"]}}],"collection":[{"href":"https:\/\/www.hotelbellagio.it\/fr\/wp-json\/wp\/v2\/pages"}],"about":[{"href":"https:\/\/www.hotelbellagio.it\/fr\/wp-json\/wp\/v2\/types\/page"}],"author":[{"embeddable":true,"href":"https:\/\/www.hotelbellagio.it\/fr\/wp-json\/wp\/v2\/users\/13"}],"replies":[{"embeddable":true,"href":"https:\/\/www.hotelbellagio.it\/fr\/wp-json\/wp\/v2\/comments?post=160"}],"version-history":[{"count":0,"href":"https:\/\/www.hotelbellagio.it\/fr\/wp-json\/wp\/v2\/pages\/160\/revisions"}],"wp:attachment":[{"href":"https:\/\/www.hotelbellagio.it\/fr\/wp-json\/wp\/v2\/media?parent=160"}],"curies":[{"name":"wp","href":"https:\/\/api.w.org\/{rel}","templated":true}]}}