{"id":159,"date":"2021-11-05T15:42:54","date_gmt":"2021-11-05T14:42:54","guid":{"rendered":"https:\/\/hotelbellagio.ms.decms.eu\/?page_id=159"},"modified":"2025-01-29T15:08:48","modified_gmt":"2025-01-29T14:08:48","slug":"les-chambres","status":"publish","type":"page","link":"https:\/\/www.hotelbellagio.it\/fr\/les-chambres\/","title":{"rendered":"Les Chambres"},"content":{"rendered":"<p>L\u2019H\u00f4tel Bellagio propose une vari\u00e9t\u00e9 de chambres soigneusement con\u00e7ues pour r\u00e9pondre \u00e0 tous les besoins. Parmi les 29 chambres disponibles, 17 offrent une vue imprenable sur le lac de C\u00f4me, partielle ou frontale, permettant aux clients de s\u2019immerger dans la beaut\u00e9 naturelle du paysage. Les 12 autres chambres, tout aussi charmantes, donnent sur les rues pittoresques de Bellagio, offrant une exp\u00e9rience authentique et agr\u00e9able du village.<\/p>\n<p>Toutes les chambres incluent un service de petit-d\u00e9jeuner gratuit, con\u00e7u pour commencer la journ\u00e9e avec saveur et qualit\u00e9, mettant en valeur les sp\u00e9cialit\u00e9s locales et garantissant un moment de plaisir avant d\u2019explorer les merveilles du lac de C\u00f4me.<\/p>\n","protected":false},"excerpt":{"rendered":"<p>L\u2019H\u00f4tel Bellagio propose une vari\u00e9t\u00e9 de chambres soigneusement con\u00e7ues pour r\u00e9pondre \u00e0 tous les besoins. Parmi les 29 chambres disponibles, 17 offrent une vue imprenable sur le lac de C\u00f4me, partielle ou frontale, permettant aux clients de s\u2019immerger dans la beaut\u00e9 naturelle du paysage. Les 12 autres chambres, tout aussi charmantes, donnent sur les rues [&hellip;]<\/p>\n","protected":false},"author":13,"featured_media":0,"parent":0,"menu_order":20,"comment_status":"closed","ping_status":"closed","template":"template-default-2.php","meta":{"footnotes":""},"class_list":["post-159","page","type-page","status-publish","hentry"],"yoast_head":"<!-- This site is optimized with the Yoast SEO plugin v26.9 - https:\/\/yoast.com\/product\/yoast-seo-wordpress\/ -->\n<title>Les Chambres &#8226; Hotel Bellagio &#8226;<\/title>\n<meta name=\"description\" content=\"L\u2019H\u00f4tel Bellagio propose une vari\u00e9t\u00e9 de chambres soigneusement con\u00e7ues pour r\u00e9pondre \u00e0 tous les besoins. Parmi les 29 chambres disponibles, 17 offrent une vue imprenable sur le lac de C\u00f4me, partielle ou frontale, permettant aux clients de s\u2019immerger dans la beaut\u00e9 naturelle du paysage\" \/>\n<meta name=\"robots\" content=\"index, follow, max-snippet:-1, max-image-preview:large, max-video-preview:-1\" \/>\n<link rel=\"canonical\" href=\"https:\/\/www.hotelbellagio.it\/fr\/les-chambres\/\" \/>\n<meta property=\"og:locale\" content=\"fr_FR\" \/>\n<meta property=\"og:type\" content=\"article\" \/>\n<meta property=\"og:title\" content=\"Les Chambres &#8226; Hotel Bellagio &#8226;\" \/>\n<meta property=\"og:description\" content=\"L\u2019H\u00f4tel Bellagio propose une vari\u00e9t\u00e9 de chambres soigneusement con\u00e7ues pour r\u00e9pondre \u00e0 tous les besoins. Parmi les 29 chambres disponibles, 17 offrent une vue imprenable sur le lac de C\u00f4me, partielle ou frontale, permettant aux clients de s\u2019immerger dans la beaut\u00e9 naturelle du paysage\" \/>\n<meta property=\"og:url\" content=\"https:\/\/www.hotelbellagio.it\/fr\/les-chambres\/\" \/>\n<meta property=\"og:site_name\" content=\"Hotel Bellagio\" \/>\n<meta property=\"article:modified_time\" content=\"2025-01-29T14:08:48+00:00\" \/>\n<meta name=\"twitter:card\" content=\"summary_large_image\" \/>\n<meta name=\"twitter:label1\" content=\"Dur\u00e9e de lecture estim\u00e9e\" \/>\n\t<meta name=\"twitter:data1\" content=\"1 minute\" \/>\n<script type=\"application\/ld+json\" class=\"yoast-schema-graph\">{\"@context\":\"https:\/\/schema.org\",\"@graph\":[{\"@type\":\"WebPage\",\"@id\":\"https:\/\/www.hotelbellagio.it\/fr\/les-chambres\/\",\"url\":\"https:\/\/www.hotelbellagio.it\/fr\/les-chambres\/\",\"name\":\"Les Chambres &#8226; Hotel Bellagio &#8226;\",\"isPartOf\":{\"@id\":\"https:\/\/www.hotelbellagio.it\/fr\/#website\"},\"datePublished\":\"2021-11-05T14:42:54+00:00\",\"dateModified\":\"2025-01-29T14:08:48+00:00\",\"description\":\"L\u2019H\u00f4tel Bellagio propose une vari\u00e9t\u00e9 de chambres soigneusement con\u00e7ues pour r\u00e9pondre \u00e0 tous les besoins. Parmi les 29 chambres disponibles, 17 offrent une vue imprenable sur le lac de C\u00f4me, partielle ou frontale, permettant aux clients de s\u2019immerger dans la beaut\u00e9 naturelle du paysage\",\"breadcrumb\":{\"@id\":\"https:\/\/www.hotelbellagio.it\/fr\/les-chambres\/#breadcrumb\"},\"inLanguage\":\"fr-FR\",\"potentialAction\":[{\"@type\":\"ReadAction\",\"target\":[\"https:\/\/www.hotelbellagio.it\/fr\/les-chambres\/\"]}]},{\"@type\":\"BreadcrumbList\",\"@id\":\"https:\/\/www.hotelbellagio.it\/fr\/les-chambres\/#breadcrumb\",\"itemListElement\":[{\"@type\":\"ListItem\",\"position\":1,\"name\":\"Home\",\"item\":\"https:\/\/www.hotelbellagio.it\/fr\/\"},{\"@type\":\"ListItem\",\"position\":2,\"name\":\"Les Chambres\"}]},{\"@type\":\"WebSite\",\"@id\":\"https:\/\/www.hotelbellagio.it\/fr\/#website\",\"url\":\"https:\/\/www.hotelbellagio.it\/fr\/\",\"name\":\"Hotel Bellagio\",\"description\":\"Ecco un altro sito ms.decms.eu\",\"potentialAction\":[{\"@type\":\"SearchAction\",\"target\":{\"@type\":\"EntryPoint\",\"urlTemplate\":\"https:\/\/www.hotelbellagio.it\/fr\/?s={search_term_string}\"},\"query-input\":{\"@type\":\"PropertyValueSpecification\",\"valueRequired\":true,\"valueName\":\"search_term_string\"}}],\"inLanguage\":\"fr-FR\"}]}<\/script>\n<!-- \/ Yoast SEO plugin. -->","yoast_head_json":{"title":"Les Chambres &#8226; Hotel Bellagio &#8226;","description":"L\u2019H\u00f4tel Bellagio propose une vari\u00e9t\u00e9 de chambres soigneusement con\u00e7ues pour r\u00e9pondre \u00e0 tous les besoins. Parmi les 29 chambres disponibles, 17 offrent une vue imprenable sur le lac de C\u00f4me, partielle ou frontale, permettant aux clients de s\u2019immerger dans la beaut\u00e9 naturelle du paysage","robots":{"index":"index","follow":"follow","max-snippet":"max-snippet:-1","max-image-preview":"max-image-preview:large","max-video-preview":"max-video-preview:-1"},"canonical":"https:\/\/www.hotelbellagio.it\/fr\/les-chambres\/","og_locale":"fr_FR","og_type":"article","og_title":"Les Chambres &#8226; Hotel Bellagio &#8226;","og_description":"L\u2019H\u00f4tel Bellagio propose une vari\u00e9t\u00e9 de chambres soigneusement con\u00e7ues pour r\u00e9pondre \u00e0 tous les besoins. Parmi les 29 chambres disponibles, 17 offrent une vue imprenable sur le lac de C\u00f4me, partielle ou frontale, permettant aux clients de s\u2019immerger dans la beaut\u00e9 naturelle du paysage","og_url":"https:\/\/www.hotelbellagio.it\/fr\/les-chambres\/","og_site_name":"Hotel Bellagio","article_modified_time":"2025-01-29T14:08:48+00:00","twitter_card":"summary_large_image","twitter_misc":{"Dur\u00e9e de lecture estim\u00e9e":"1 minute"},"schema":{"@context":"https:\/\/schema.org","@graph":[{"@type":"WebPage","@id":"https:\/\/www.hotelbellagio.it\/fr\/les-chambres\/","url":"https:\/\/www.hotelbellagio.it\/fr\/les-chambres\/","name":"Les Chambres &#8226; Hotel Bellagio &#8226;","isPartOf":{"@id":"https:\/\/www.hotelbellagio.it\/fr\/#website"},"datePublished":"2021-11-05T14:42:54+00:00","dateModified":"2025-01-29T14:08:48+00:00","description":"L\u2019H\u00f4tel Bellagio propose une vari\u00e9t\u00e9 de chambres soigneusement con\u00e7ues pour r\u00e9pondre \u00e0 tous les besoins. Parmi les 29 chambres disponibles, 17 offrent une vue imprenable sur le lac de C\u00f4me, partielle ou frontale, permettant aux clients de s\u2019immerger dans la beaut\u00e9 naturelle du paysage","breadcrumb":{"@id":"https:\/\/www.hotelbellagio.it\/fr\/les-chambres\/#breadcrumb"},"inLanguage":"fr-FR","potentialAction":[{"@type":"ReadAction","target":["https:\/\/www.hotelbellagio.it\/fr\/les-chambres\/"]}]},{"@type":"BreadcrumbList","@id":"https:\/\/www.hotelbellagio.it\/fr\/les-chambres\/#breadcrumb","itemListElement":[{"@type":"ListItem","position":1,"name":"Home","item":"https:\/\/www.hotelbellagio.it\/fr\/"},{"@type":"ListItem","position":2,"name":"Les Chambres"}]},{"@type":"WebSite","@id":"https:\/\/www.hotelbellagio.it\/fr\/#website","url":"https:\/\/www.hotelbellagio.it\/fr\/","name":"Hotel Bellagio","description":"Ecco un altro sito ms.decms.eu","potentialAction":[{"@type":"SearchAction","target":{"@type":"EntryPoint","urlTemplate":"https:\/\/www.hotelbellagio.it\/fr\/?s={search_term_string}"},"query-input":{"@type":"PropertyValueSpecification","valueRequired":true,"valueName":"search_term_string"}}],"inLanguage":"fr-FR"}]}},"acf":[],"_links":{"self":[{"href":"https:\/\/www.hotelbellagio.it\/fr\/wp-json\/wp\/v2\/pages\/159","targetHints":{"allow":["GET"]}}],"collection":[{"href":"https:\/\/www.hotelbellagio.it\/fr\/wp-json\/wp\/v2\/pages"}],"about":[{"href":"https:\/\/www.hotelbellagio.it\/fr\/wp-json\/wp\/v2\/types\/page"}],"author":[{"embeddable":true,"href":"https:\/\/www.hotelbellagio.it\/fr\/wp-json\/wp\/v2\/users\/13"}],"replies":[{"embeddable":true,"href":"https:\/\/www.hotelbellagio.it\/fr\/wp-json\/wp\/v2\/comments?post=159"}],"version-history":[{"count":0,"href":"https:\/\/www.hotelbellagio.it\/fr\/wp-json\/wp\/v2\/pages\/159\/revisions"}],"wp:attachment":[{"href":"https:\/\/www.hotelbellagio.it\/fr\/wp-json\/wp\/v2\/media?parent=159"}],"curies":[{"name":"wp","href":"https:\/\/api.w.org\/{rel}","templated":true}]}}