{"id":157,"date":"2021-11-05T14:33:12","date_gmt":"2021-11-05T13:33:12","guid":{"rendered":"https:\/\/hotelbellagio.ms.decms.eu\/?page_id=157"},"modified":"2025-01-29T15:09:45","modified_gmt":"2025-01-29T14:09:45","slug":"hotel-bellagio","status":"publish","type":"page","link":"https:\/\/www.hotelbellagio.it\/fr\/","title":{"rendered":"H\u00f4tel Bellagio"},"content":{"rendered":"<p>La famille Leoni, propri\u00e9taire de l\u2019H\u00f4tel Du Lac et de l\u2019H\u00f4tel Bellagio, est un pilier de l\u2019hospitalit\u00e9 sur le lac de C\u00f4me, avec une histoire de plus de 60 ans de passion et de d\u00e9vouement, transmise \u00e0 travers quatre g\u00e9n\u00e9rations. Cet h\u00e9ritage a permis de d\u00e9velopper un lien profond avec le territoire et une expertise unique dans l\u2019art de l\u2019accueil.<\/p>\n<p>L\u2019H\u00f4tel Bellagio, acquis en 2003, a fait l\u2019objet d\u2019un projet de r\u00e9novation m\u00e9ticuleux et ambitieux, aboutissant \u00e0 son ouverture en 2004. Depuis lors, la famille Leoni a mis tout son c\u0153ur et son \u00e2me \u00e0 transformer cet \u00e9tablissement en un v\u00e9ritable boutique-h\u00f4tel, o\u00f9 chaque d\u00e9tail est con\u00e7u pour offrir un s\u00e9jour inoubliable. Leur objectif est de cr\u00e9er un environnement raffin\u00e9 mais accueillant, o\u00f9 chaque invit\u00e9 se sent choy\u00e9 et chez soi.<\/p>\n","protected":false},"excerpt":{"rendered":"<p>La famille Leoni, propri\u00e9taire de l\u2019H\u00f4tel Du Lac et de l\u2019H\u00f4tel Bellagio, est un pilier de l\u2019hospitalit\u00e9 sur le lac de C\u00f4me, avec une histoire de plus de 60 ans de passion et de d\u00e9vouement, transmise \u00e0 travers quatre g\u00e9n\u00e9rations. Cet h\u00e9ritage a permis de d\u00e9velopper un lien profond avec le territoire et une expertise [&hellip;]<\/p>\n","protected":false},"author":13,"featured_media":0,"parent":0,"menu_order":10,"comment_status":"closed","ping_status":"closed","template":"","meta":{"footnotes":""},"class_list":["post-157","page","type-page","status-publish","hentry"],"yoast_head":"<!-- This site is optimized with the Yoast SEO plugin v26.9 - https:\/\/yoast.com\/product\/yoast-seo-wordpress\/ -->\n<title>H\u00f4tel Bellagio &#8226; Hotel Bellagio &#8226;<\/title>\n<meta name=\"description\" content=\"La famille Leoni, propri\u00e9taire de l\u2019H\u00f4tel Du Lac et de l\u2019H\u00f4tel Bellagio, est un pilier de l\u2019hospitalit\u00e9 sur le lac de C\u00f4me, avec une histoire de plus de 60 ans de passion et de d\u00e9vouement, transmise \u00e0 travers quatre g\u00e9n\u00e9rations. Cet h\u00e9ritage a permis de d\u00e9velopper un lien profond avec le territoire et une expertise unique dans l\u2019art de l\u2019accueil.  L\u2019H\u00f4tel Bellagio, acquis en 2003, a fait l\u2019objet d\u2019un projet de r\u00e9novation m\u00e9ticuleux et ambitieux, aboutissant \u00e0 son ouverture en 2004\" \/>\n<meta name=\"robots\" content=\"index, follow, max-snippet:-1, max-image-preview:large, max-video-preview:-1\" \/>\n<link rel=\"canonical\" href=\"https:\/\/www.hotelbellagio.it\/fr\/\" \/>\n<meta property=\"og:locale\" content=\"fr_FR\" \/>\n<meta property=\"og:type\" content=\"article\" \/>\n<meta property=\"og:title\" content=\"H\u00f4tel Bellagio &#8226; Hotel Bellagio &#8226;\" \/>\n<meta property=\"og:description\" content=\"La famille Leoni, propri\u00e9taire de l\u2019H\u00f4tel Du Lac et de l\u2019H\u00f4tel Bellagio, est un pilier de l\u2019hospitalit\u00e9 sur le lac de C\u00f4me, avec une histoire de plus de 60 ans de passion et de d\u00e9vouement, transmise \u00e0 travers quatre g\u00e9n\u00e9rations. Cet h\u00e9ritage a permis de d\u00e9velopper un lien profond avec le territoire et une expertise unique dans l\u2019art de l\u2019accueil.  L\u2019H\u00f4tel Bellagio, acquis en 2003, a fait l\u2019objet d\u2019un projet de r\u00e9novation m\u00e9ticuleux et ambitieux, aboutissant \u00e0 son ouverture en 2004\" \/>\n<meta property=\"og:url\" content=\"https:\/\/www.hotelbellagio.it\/fr\/\" \/>\n<meta property=\"og:site_name\" content=\"Hotel Bellagio\" \/>\n<meta property=\"article:modified_time\" content=\"2025-01-29T14:09:45+00:00\" \/>\n<meta name=\"twitter:card\" content=\"summary_large_image\" \/>\n<meta name=\"twitter:label1\" content=\"Dur\u00e9e de lecture estim\u00e9e\" \/>\n\t<meta name=\"twitter:data1\" content=\"1 minute\" \/>\n<script type=\"application\/ld+json\" class=\"yoast-schema-graph\">{\"@context\":\"https:\/\/schema.org\",\"@graph\":[{\"@type\":\"WebPage\",\"@id\":\"https:\/\/www.hotelbellagio.it\/fr\/\",\"url\":\"https:\/\/www.hotelbellagio.it\/fr\/\",\"name\":\"H\u00f4tel Bellagio &#8226; Hotel Bellagio &#8226;\",\"isPartOf\":{\"@id\":\"https:\/\/www.hotelbellagio.it\/fr\/#website\"},\"datePublished\":\"2021-11-05T13:33:12+00:00\",\"dateModified\":\"2025-01-29T14:09:45+00:00\",\"description\":\"La famille Leoni, propri\u00e9taire de l\u2019H\u00f4tel Du Lac et de l\u2019H\u00f4tel Bellagio, est un pilier de l\u2019hospitalit\u00e9 sur le lac de C\u00f4me, avec une histoire de plus de 60 ans de passion et de d\u00e9vouement, transmise \u00e0 travers quatre g\u00e9n\u00e9rations. Cet h\u00e9ritage a permis de d\u00e9velopper un lien profond avec le territoire et une expertise unique dans l\u2019art de l\u2019accueil. L\u2019H\u00f4tel Bellagio, acquis en 2003, a fait l\u2019objet d\u2019un projet de r\u00e9novation m\u00e9ticuleux et ambitieux, aboutissant \u00e0 son ouverture en 2004\",\"breadcrumb\":{\"@id\":\"https:\/\/www.hotelbellagio.it\/fr\/#breadcrumb\"},\"inLanguage\":\"fr-FR\",\"potentialAction\":[{\"@type\":\"ReadAction\",\"target\":[\"https:\/\/www.hotelbellagio.it\/fr\/\"]}]},{\"@type\":\"BreadcrumbList\",\"@id\":\"https:\/\/www.hotelbellagio.it\/fr\/#breadcrumb\",\"itemListElement\":[{\"@type\":\"ListItem\",\"position\":1,\"name\":\"Home\",\"item\":\"https:\/\/www.hotelbellagio.it\/fr\/\"},{\"@type\":\"ListItem\",\"position\":2,\"name\":\"H\u00f4tel Bellagio\"}]},{\"@type\":\"WebSite\",\"@id\":\"https:\/\/www.hotelbellagio.it\/fr\/#website\",\"url\":\"https:\/\/www.hotelbellagio.it\/fr\/\",\"name\":\"Hotel Bellagio\",\"description\":\"Ecco un altro sito ms.decms.eu\",\"potentialAction\":[{\"@type\":\"SearchAction\",\"target\":{\"@type\":\"EntryPoint\",\"urlTemplate\":\"https:\/\/www.hotelbellagio.it\/fr\/?s={search_term_string}\"},\"query-input\":{\"@type\":\"PropertyValueSpecification\",\"valueRequired\":true,\"valueName\":\"search_term_string\"}}],\"inLanguage\":\"fr-FR\"}]}<\/script>\n<!-- \/ Yoast SEO plugin. -->","yoast_head_json":{"title":"H\u00f4tel Bellagio &#8226; Hotel Bellagio &#8226;","description":"La famille Leoni, propri\u00e9taire de l\u2019H\u00f4tel Du Lac et de l\u2019H\u00f4tel Bellagio, est un pilier de l\u2019hospitalit\u00e9 sur le lac de C\u00f4me, avec une histoire de plus de 60 ans de passion et de d\u00e9vouement, transmise \u00e0 travers quatre g\u00e9n\u00e9rations. Cet h\u00e9ritage a permis de d\u00e9velopper un lien profond avec le territoire et une expertise unique dans l\u2019art de l\u2019accueil.  L\u2019H\u00f4tel Bellagio, acquis en 2003, a fait l\u2019objet d\u2019un projet de r\u00e9novation m\u00e9ticuleux et ambitieux, aboutissant \u00e0 son ouverture en 2004","robots":{"index":"index","follow":"follow","max-snippet":"max-snippet:-1","max-image-preview":"max-image-preview:large","max-video-preview":"max-video-preview:-1"},"canonical":"https:\/\/www.hotelbellagio.it\/fr\/","og_locale":"fr_FR","og_type":"article","og_title":"H\u00f4tel Bellagio &#8226; Hotel Bellagio &#8226;","og_description":"La famille Leoni, propri\u00e9taire de l\u2019H\u00f4tel Du Lac et de l\u2019H\u00f4tel Bellagio, est un pilier de l\u2019hospitalit\u00e9 sur le lac de C\u00f4me, avec une histoire de plus de 60 ans de passion et de d\u00e9vouement, transmise \u00e0 travers quatre g\u00e9n\u00e9rations. Cet h\u00e9ritage a permis de d\u00e9velopper un lien profond avec le territoire et une expertise unique dans l\u2019art de l\u2019accueil.  L\u2019H\u00f4tel Bellagio, acquis en 2003, a fait l\u2019objet d\u2019un projet de r\u00e9novation m\u00e9ticuleux et ambitieux, aboutissant \u00e0 son ouverture en 2004","og_url":"https:\/\/www.hotelbellagio.it\/fr\/","og_site_name":"Hotel Bellagio","article_modified_time":"2025-01-29T14:09:45+00:00","twitter_card":"summary_large_image","twitter_misc":{"Dur\u00e9e de lecture estim\u00e9e":"1 minute"},"schema":{"@context":"https:\/\/schema.org","@graph":[{"@type":"WebPage","@id":"https:\/\/www.hotelbellagio.it\/fr\/","url":"https:\/\/www.hotelbellagio.it\/fr\/","name":"H\u00f4tel Bellagio &#8226; Hotel Bellagio &#8226;","isPartOf":{"@id":"https:\/\/www.hotelbellagio.it\/fr\/#website"},"datePublished":"2021-11-05T13:33:12+00:00","dateModified":"2025-01-29T14:09:45+00:00","description":"La famille Leoni, propri\u00e9taire de l\u2019H\u00f4tel Du Lac et de l\u2019H\u00f4tel Bellagio, est un pilier de l\u2019hospitalit\u00e9 sur le lac de C\u00f4me, avec une histoire de plus de 60 ans de passion et de d\u00e9vouement, transmise \u00e0 travers quatre g\u00e9n\u00e9rations. Cet h\u00e9ritage a permis de d\u00e9velopper un lien profond avec le territoire et une expertise unique dans l\u2019art de l\u2019accueil. L\u2019H\u00f4tel Bellagio, acquis en 2003, a fait l\u2019objet d\u2019un projet de r\u00e9novation m\u00e9ticuleux et ambitieux, aboutissant \u00e0 son ouverture en 2004","breadcrumb":{"@id":"https:\/\/www.hotelbellagio.it\/fr\/#breadcrumb"},"inLanguage":"fr-FR","potentialAction":[{"@type":"ReadAction","target":["https:\/\/www.hotelbellagio.it\/fr\/"]}]},{"@type":"BreadcrumbList","@id":"https:\/\/www.hotelbellagio.it\/fr\/#breadcrumb","itemListElement":[{"@type":"ListItem","position":1,"name":"Home","item":"https:\/\/www.hotelbellagio.it\/fr\/"},{"@type":"ListItem","position":2,"name":"H\u00f4tel Bellagio"}]},{"@type":"WebSite","@id":"https:\/\/www.hotelbellagio.it\/fr\/#website","url":"https:\/\/www.hotelbellagio.it\/fr\/","name":"Hotel Bellagio","description":"Ecco un altro sito ms.decms.eu","potentialAction":[{"@type":"SearchAction","target":{"@type":"EntryPoint","urlTemplate":"https:\/\/www.hotelbellagio.it\/fr\/?s={search_term_string}"},"query-input":{"@type":"PropertyValueSpecification","valueRequired":true,"valueName":"search_term_string"}}],"inLanguage":"fr-FR"}]}},"acf":[],"_links":{"self":[{"href":"https:\/\/www.hotelbellagio.it\/fr\/wp-json\/wp\/v2\/pages\/157","targetHints":{"allow":["GET"]}}],"collection":[{"href":"https:\/\/www.hotelbellagio.it\/fr\/wp-json\/wp\/v2\/pages"}],"about":[{"href":"https:\/\/www.hotelbellagio.it\/fr\/wp-json\/wp\/v2\/types\/page"}],"author":[{"embeddable":true,"href":"https:\/\/www.hotelbellagio.it\/fr\/wp-json\/wp\/v2\/users\/13"}],"replies":[{"embeddable":true,"href":"https:\/\/www.hotelbellagio.it\/fr\/wp-json\/wp\/v2\/comments?post=157"}],"version-history":[{"count":0,"href":"https:\/\/www.hotelbellagio.it\/fr\/wp-json\/wp\/v2\/pages\/157\/revisions"}],"wp:attachment":[{"href":"https:\/\/www.hotelbellagio.it\/fr\/wp-json\/wp\/v2\/media?parent=157"}],"curies":[{"name":"wp","href":"https:\/\/api.w.org\/{rel}","templated":true}]}}